{"id":2744,"date":"2025-07-31T10:42:34","date_gmt":"2025-07-31T10:42:34","guid":{"rendered":"https:\/\/annedubos.com\/?page_id=2744"},"modified":"2026-02-26T10:05:12","modified_gmt":"2026-02-26T10:05:12","slug":"bourses-et-prix","status":"publish","type":"page","link":"https:\/\/annedubos.com\/index.php\/bourses-et-prix\/","title":{"rendered":"Prices &amp; grants"},"content":{"rendered":"\t\t<div data-elementor-type=\"wp-page\" data-elementor-id=\"2744\" class=\"elementor elementor-2744\" data-elementor-settings=\"[]\">\n\t\t\t\t\t\t<div class=\"elementor-inner\">\n\t\t\t\t\t\t\t<div class=\"elementor-section-wrap\">\n\t\t\t\t\t\t\t<section class=\"elementor-section elementor-top-section elementor-element elementor-element-30621a8 elementor-section-boxed elementor-section-height-default elementor-section-height-default\" data-id=\"30621a8\" data-element_type=\"section\">\n\t\t\t\t\t\t<div class=\"elementor-container elementor-column-gap-default\">\n\t\t\t\t\t\t\t<div class=\"elementor-row\">\n\t\t\t\t\t<div class=\"elementor-column elementor-col-100 elementor-top-column elementor-element elementor-element-4bb9d36\" data-id=\"4bb9d36\" data-element_type=\"column\">\n\t\t\t<div class=\"elementor-column-wrap elementor-element-populated\">\n\t\t\t\t\t\t\t<div class=\"elementor-widget-wrap\">\n\t\t\t\t\t\t<div class=\"elementor-element elementor-element-c2edf65 elementor-widget elementor-widget-text-editor\" data-id=\"c2edf65\" data-element_type=\"widget\" data-widget_type=\"text-editor.default\">\n\t\t\t\t<div class=\"elementor-widget-container\">\n\t\t\t\t\t<div class=\"elementor-text-editor elementor-clearfix\"><p>\u00a0<\/p><p>2019-21 . Bourse d\u2019aide \u00e0 la mobilit\u00e9 de l\u2019Institut Fran\u00e7ais de Paris et de la ville de Nantes, pour <i>Cosmophanies<\/i><\/p><p>2019 . Prix de la DRAC (Direction R\u00e9gionale des Affaires Culturelles) de la R\u00e9gion Auvergne-Rh\u00f4ne-Alpes pour le projet <i>Sonographies.<\/i><\/p><p>2019 . Fonds de financement du projet <em>Pal\u00e9ograph\u2019<\/em> par la R\u00e9gion Pays-de-Loire.<\/p><p>2018 . Prix FSIR ARCADI (Fond de Soutien \u00e0 la Recherche) de la R\u00e9gion Ile-de-France pour <i>des_gestes_augment\u00e9s.<\/i><\/p><p>2016-17 . Fellowship de l\u2019Institut d\u2019Etudes Avanc\u00e9es de Nantes.<\/p><p>2006-08 . Bourse de th\u00e8se de doctorat du MAEE (Minist\u00e8re des Affaires Etrang\u00e8res) et de l\u2019ICCR (Indian Council for Cultural Relationships).<\/p><p>2006 . Prix D\u00e9fi-Jeune Envie d\u2019Agir de la Mairie de Montrouge et de la Pr\u00e9fecture des Hauts-de-Seine pour <i>Les Sept de Madurai.<\/i><\/p><p>\u00a0<\/p><p>\u00a0<\/p><p>\u00a0<\/p><\/div>\n\t\t\t\t<\/div>\n\t\t\t\t<\/div>\n\t\t\t\t\t\t<\/div>\n\t\t\t\t\t<\/div>\n\t\t<\/div>\n\t\t\t\t\t\t\t\t<\/div>\n\t\t\t\t\t<\/div>\n\t\t<\/section>\n\t\t\t\t\t\t<\/div>\n\t\t\t\t\t\t<\/div>\n\t\t\t\t\t<\/div>\n\t\t","protected":false},"excerpt":{"rendered":"<p>\u00a0 2019-21 . Bourse d\u2019aide \u00e0 la mobilit\u00e9 de l\u2019Institut Fran\u00e7ais de Paris et de la ville de Nantes, pour [&hellip;]<\/p>\n","protected":false},"author":1,"featured_media":0,"parent":0,"menu_order":0,"comment_status":"closed","ping_status":"closed","template":"","meta":{"footnotes":""},"class_list":["post-2744","page","type-page","status-publish","hentry","col-lg-4 col-md-6"],"_links":{"self":[{"href":"https:\/\/annedubos.com\/index.php\/wp-json\/wp\/v2\/pages\/2744","targetHints":{"allow":["GET"]}}],"collection":[{"href":"https:\/\/annedubos.com\/index.php\/wp-json\/wp\/v2\/pages"}],"about":[{"href":"https:\/\/annedubos.com\/index.php\/wp-json\/wp\/v2\/types\/page"}],"author":[{"embeddable":true,"href":"https:\/\/annedubos.com\/index.php\/wp-json\/wp\/v2\/users\/1"}],"replies":[{"embeddable":true,"href":"https:\/\/annedubos.com\/index.php\/wp-json\/wp\/v2\/comments?post=2744"}],"version-history":[{"count":11,"href":"https:\/\/annedubos.com\/index.php\/wp-json\/wp\/v2\/pages\/2744\/revisions"}],"predecessor-version":[{"id":2900,"href":"https:\/\/annedubos.com\/index.php\/wp-json\/wp\/v2\/pages\/2744\/revisions\/2900"}],"wp:attachment":[{"href":"https:\/\/annedubos.com\/index.php\/wp-json\/wp\/v2\/media?parent=2744"}],"curies":[{"name":"wp","href":"https:\/\/api.w.org\/{rel}","templated":true}]}}