{"id":31,"date":"2021-01-04T14:48:11","date_gmt":"2021-01-04T14:48:11","guid":{"rendered":"http:\/\/annedubos.com\/?page_id=31"},"modified":"2022-11-13T19:59:31","modified_gmt":"2022-11-13T19:59:31","slug":"teachings","status":"publish","type":"page","link":"https:\/\/annedubos.com\/index.php\/teachings\/","title":{"rendered":"Teaching"},"content":{"rendered":"\t\t<div data-elementor-type=\"wp-page\" data-elementor-id=\"31\" class=\"elementor elementor-31\" data-elementor-settings=\"[]\">\n\t\t\t\t\t\t<div class=\"elementor-inner\">\n\t\t\t\t\t\t\t<div class=\"elementor-section-wrap\">\n\t\t\t\t\t\t\t<section class=\"elementor-section elementor-top-section elementor-element elementor-element-6b860e5 elementor-section-boxed elementor-section-height-default elementor-section-height-default\" data-id=\"6b860e5\" data-element_type=\"section\">\n\t\t\t\t\t\t<div class=\"elementor-container elementor-column-gap-default\">\n\t\t\t\t\t\t\t<div class=\"elementor-row\">\n\t\t\t\t\t<div class=\"elementor-column elementor-col-100 elementor-top-column elementor-element elementor-element-9e37708\" data-id=\"9e37708\" data-element_type=\"column\">\n\t\t\t<div class=\"elementor-column-wrap elementor-element-populated\">\n\t\t\t\t\t\t\t<div class=\"elementor-widget-wrap\">\n\t\t\t\t\t\t<div class=\"elementor-element elementor-element-8831df5 elementor-widget elementor-widget-image\" data-id=\"8831df5\" data-element_type=\"widget\" data-widget_type=\"image.default\">\n\t\t\t\t<div class=\"elementor-widget-container\">\n\t\t\t\t\t<div class=\"elementor-image\">\n\t\t\t\t\t\t\t\t\t\t<img loading=\"lazy\" decoding=\"async\" width=\"1024\" height=\"576\" src=\"https:\/\/annedubos.com\/wp-content\/uploads\/2021\/02\/Gesture-Design-Workshop-CRI-IRCAM-ENSCI-Les-Ateliers-2016-1024x576.jpg\" class=\"attachment-large size-large\" alt=\"\" srcset=\"https:\/\/annedubos.com\/wp-content\/uploads\/2021\/02\/Gesture-Design-Workshop-CRI-IRCAM-ENSCI-Les-Ateliers-2016-1024x576.jpg 1024w, https:\/\/annedubos.com\/wp-content\/uploads\/2021\/02\/Gesture-Design-Workshop-CRI-IRCAM-ENSCI-Les-Ateliers-2016-300x169.jpg 300w, https:\/\/annedubos.com\/wp-content\/uploads\/2021\/02\/Gesture-Design-Workshop-CRI-IRCAM-ENSCI-Les-Ateliers-2016-768x432.jpg 768w, https:\/\/annedubos.com\/wp-content\/uploads\/2021\/02\/Gesture-Design-Workshop-CRI-IRCAM-ENSCI-Les-Ateliers-2016-720x405.jpg 720w, https:\/\/annedubos.com\/wp-content\/uploads\/2021\/02\/Gesture-Design-Workshop-CRI-IRCAM-ENSCI-Les-Ateliers-2016.jpg 1313w\" sizes=\"auto, (max-width: 1024px) 100vw, 1024px\" \/>\t\t\t\t\t\t\t\t\t\t\t<\/div>\n\t\t\t\t<\/div>\n\t\t\t\t<\/div>\n\t\t\t\t\t\t<\/div>\n\t\t\t\t\t<\/div>\n\t\t<\/div>\n\t\t\t\t\t\t\t\t<\/div>\n\t\t\t\t\t<\/div>\n\t\t<\/section>\n\t\t\t\t<section class=\"elementor-section elementor-top-section elementor-element elementor-element-b7e5960 elementor-section-boxed elementor-section-height-default elementor-section-height-default\" data-id=\"b7e5960\" data-element_type=\"section\">\n\t\t\t\t\t\t<div class=\"elementor-container elementor-column-gap-default\">\n\t\t\t\t\t\t\t<div class=\"elementor-row\">\n\t\t\t\t\t<div class=\"elementor-column elementor-col-100 elementor-top-column elementor-element elementor-element-8742ec5\" data-id=\"8742ec5\" data-element_type=\"column\">\n\t\t\t<div class=\"elementor-column-wrap elementor-element-populated\">\n\t\t\t\t\t\t\t<div class=\"elementor-widget-wrap\">\n\t\t\t\t\t\t<div class=\"elementor-element elementor-element-5c01490 elementor-widget elementor-widget-heading\" data-id=\"5c01490\" data-element_type=\"widget\" data-widget_type=\"heading.default\">\n\t\t\t\t<div class=\"elementor-widget-container\">\n\t\t\t<h6 class=\"elementor-heading-title elementor-size-default\"><br><span style=\"font-size: 1rem;\"><\/span><b style=\"caret-color: rgb(0, 0, 0); color: rgb(0, 0, 0); white-space: normal;\">\nCLASSES<\/b><br><b style=\"caret-color: rgb(0, 0, 0); color: rgb(0, 0, 0); white-space: normal;\">AIMOVE l Les Mines Paris-Tech<\/b><br>Anthropology of the body &amp;&nbsp;sociology of interaction&nbsp;<\/h6>\t\t<\/div>\n\t\t\t\t<\/div>\n\t\t\t\t\t\t<\/div>\n\t\t\t\t\t<\/div>\n\t\t<\/div>\n\t\t\t\t\t\t\t\t<\/div>\n\t\t\t\t\t<\/div>\n\t\t<\/section>\n\t\t\t\t<section class=\"elementor-section elementor-top-section elementor-element elementor-element-7432daff elementor-section-boxed elementor-section-height-default elementor-section-height-default\" data-id=\"7432daff\" data-element_type=\"section\">\n\t\t\t\t\t\t<div class=\"elementor-container elementor-column-gap-default\">\n\t\t\t\t\t\t\t<div class=\"elementor-row\">\n\t\t\t\t\t<div class=\"elementor-column elementor-col-100 elementor-top-column elementor-element elementor-element-4f19d8d6\" data-id=\"4f19d8d6\" data-element_type=\"column\">\n\t\t\t<div class=\"elementor-column-wrap elementor-element-populated\">\n\t\t\t\t\t\t\t<div class=\"elementor-widget-wrap\">\n\t\t\t\t\t\t<div class=\"elementor-element elementor-element-3b27e0a6 elementor-widget elementor-widget-text-editor\" data-id=\"3b27e0a6\" data-element_type=\"widget\" data-widget_type=\"text-editor.default\">\n\t\t\t\t<div class=\"elementor-widget-container\">\n\t\t\t\t\t<div class=\"elementor-text-editor elementor-clearfix\"><p><!-- wp:heading {\"level\":4} --><\/p>\n<p><span style=\"color: #595959; font-size: 14px;\">Speech and gestures make us what we are : human beings. Since they exist as invisible forms, which can only be captured through traces, gestures form the source of most of our communication systems.<\/span><\/p>\n<p>Even though motion capture permits the recording of gestures in refined ways nowadays, digitalization provides only limited access to understanding them.\u00a0After all, their \u2018capture\u2019 is only generated through a series of still images (Deleuze, 1983).<\/p>\n<p>Furthermore, any technological apparatus (Agamben, 1996) poses the question of remediation of gesture: once it is reincorporated, it gets played and arranged by machines (Schnell, 2013).\u00a0<\/p>\n<p>As the use of technology requires us to question the transformation of gestures into texts, codes, and images, the key topic of this course will be: how to build society through media, devices, or any technological apparatus (Latour, 1992).\u00a0<\/p>\n<p>In line with the teachings of Marcel Mauss, Andr\u00e9 Leroi-Gourhan, Adam Kendon and Marcel Jousse, this course in anthropology is set at the crossroads of theories of perception and cognition, as well as the history of science and technology.\u00a0<\/p>\n<p>By initiating research through practice, we invite you to participate in a first mapping of this emerging field of research, which responds to the rapid growth of technology.<\/p>\n<p>What will possible worlds and the people of tomorrow look like ? And above all, what kind of society do you want to build and live in?<\/p>\n<p><!-- \/wp:paragraph --><!-- wp:quote {\"className\":\"is-style-default\"} --><\/p>\n<blockquote>\n<p><strong>OBJECTIVES<\/strong><\/p>\n<ul>\n<li>Understand the theoretical bases of anthropology and the sociology of the body<\/li>\n<li>Use ethnographic analysis tools through participatory observation and qualitative interview techniques<\/li>\n<li>Identify behavioural patterns; develop the means to critically evaluate them<\/li>\n<li>Apply knowledge gained, in the context of a field-based survey, and relating this to bodies in action with urban settings<\/li>\n<\/ul>\n<\/blockquote>\n<p><!-- \/wp:quote --><!-- wp:embed {\"url\":\"https:\/\/aimove.eu\/modules-and-courses\/\",\"type\":\"wp-embed\",\"providerNameSlug\":\"aimove\",\"className\":\"\"} --><\/p>\n<figure>\n<div>Find out more at:<a href=\"https:\/\/aimove.eu\/modules-and-courses\/\">\u00a0https:\/\/aimove.eu\/modules-and-courses\/<\/a><\/div>\n<\/figure>\n<p><!-- \/wp:embed --><\/p><\/div>\n\t\t\t\t<\/div>\n\t\t\t\t<\/div>\n\t\t\t\t\t\t<\/div>\n\t\t\t\t\t<\/div>\n\t\t<\/div>\n\t\t\t\t\t\t\t\t<\/div>\n\t\t\t\t\t<\/div>\n\t\t<\/section>\n\t\t\t\t<section class=\"elementor-section elementor-top-section elementor-element elementor-element-d4abc0f elementor-section-boxed elementor-section-height-default elementor-section-height-default\" data-id=\"d4abc0f\" data-element_type=\"section\">\n\t\t\t\t\t\t<div class=\"elementor-container elementor-column-gap-default\">\n\t\t\t\t\t\t\t<div class=\"elementor-row\">\n\t\t\t\t\t<div class=\"elementor-column elementor-col-100 elementor-top-column elementor-element elementor-element-3bfc1dd\" data-id=\"3bfc1dd\" data-element_type=\"column\">\n\t\t\t<div class=\"elementor-column-wrap elementor-element-populated\">\n\t\t\t\t\t\t\t<div class=\"elementor-widget-wrap\">\n\t\t\t\t\t\t<div class=\"elementor-element elementor-element-09df57f elementor-widget elementor-widget-image\" data-id=\"09df57f\" data-element_type=\"widget\" data-widget_type=\"image.default\">\n\t\t\t\t<div class=\"elementor-widget-container\">\n\t\t\t\t\t<div class=\"elementor-image\">\n\t\t\t\t\t\t\t\t\t\t<img loading=\"lazy\" decoding=\"async\" width=\"1024\" height=\"683\" src=\"https:\/\/annedubos.com\/wp-content\/uploads\/2021\/02\/MG_9637-1024x683.jpg\" class=\"attachment-large size-large\" alt=\"\" srcset=\"https:\/\/annedubos.com\/wp-content\/uploads\/2021\/02\/MG_9637-1024x683.jpg 1024w, https:\/\/annedubos.com\/wp-content\/uploads\/2021\/02\/MG_9637-300x200.jpg 300w, https:\/\/annedubos.com\/wp-content\/uploads\/2021\/02\/MG_9637-768x512.jpg 768w, https:\/\/annedubos.com\/wp-content\/uploads\/2021\/02\/MG_9637-1536x1024.jpg 1536w, https:\/\/annedubos.com\/wp-content\/uploads\/2021\/02\/MG_9637-2048x1365.jpg 2048w, https:\/\/annedubos.com\/wp-content\/uploads\/2021\/02\/MG_9637-720x480.jpg 720w\" sizes=\"auto, (max-width: 1024px) 100vw, 1024px\" \/>\t\t\t\t\t\t\t\t\t\t\t<\/div>\n\t\t\t\t<\/div>\n\t\t\t\t<\/div>\n\t\t\t\t\t\t<\/div>\n\t\t\t\t\t<\/div>\n\t\t<\/div>\n\t\t\t\t\t\t\t\t<\/div>\n\t\t\t\t\t<\/div>\n\t\t<\/section>\n\t\t\t\t<section class=\"elementor-section elementor-top-section elementor-element elementor-element-4597528 elementor-section-boxed elementor-section-height-default elementor-section-height-default\" data-id=\"4597528\" data-element_type=\"section\">\n\t\t\t\t\t\t<div class=\"elementor-container elementor-column-gap-default\">\n\t\t\t\t\t\t\t<div class=\"elementor-row\">\n\t\t\t\t\t<div class=\"elementor-column elementor-col-100 elementor-top-column elementor-element elementor-element-564ea35\" data-id=\"564ea35\" data-element_type=\"column\">\n\t\t\t<div class=\"elementor-column-wrap elementor-element-populated\">\n\t\t\t\t\t\t\t<div class=\"elementor-widget-wrap\">\n\t\t\t\t\t\t<div class=\"elementor-element elementor-element-57a51a1 elementor-widget elementor-widget-heading\" data-id=\"57a51a1\" data-element_type=\"widget\" data-widget_type=\"heading.default\">\n\t\t\t\t<div class=\"elementor-widget-container\">\n\t\t\t<h5 class=\"elementor-heading-title elementor-size-default\">ONLINE <br>M<b>ooc l La gestoth\u00e8que<\/b><\/h5>\t\t<\/div>\n\t\t\t\t<\/div>\n\t\t\t\t\t\t<\/div>\n\t\t\t\t\t<\/div>\n\t\t<\/div>\n\t\t\t\t\t\t\t\t<\/div>\n\t\t\t\t\t<\/div>\n\t\t<\/section>\n\t\t\t\t<section class=\"elementor-section elementor-top-section elementor-element elementor-element-a067ae7 elementor-section-boxed elementor-section-height-default elementor-section-height-default\" data-id=\"a067ae7\" data-element_type=\"section\">\n\t\t\t\t\t\t<div class=\"elementor-container elementor-column-gap-default\">\n\t\t\t\t\t\t\t<div class=\"elementor-row\">\n\t\t\t\t\t<div class=\"elementor-column elementor-col-100 elementor-top-column elementor-element elementor-element-5e9a7b5\" data-id=\"5e9a7b5\" data-element_type=\"column\">\n\t\t\t<div class=\"elementor-column-wrap elementor-element-populated\">\n\t\t\t\t\t\t\t<div class=\"elementor-widget-wrap\">\n\t\t\t\t\t\t<div class=\"elementor-element elementor-element-8133de6 elementor-widget elementor-widget-text-editor\" data-id=\"8133de6\" data-element_type=\"widget\" data-widget_type=\"text-editor.default\">\n\t\t\t\t<div class=\"elementor-widget-container\">\n\t\t\t\t\t<div class=\"elementor-text-editor elementor-clearfix\"><figure class=\"wp-block-image size-large\"><\/figure>\n<p><!-- \/wp:image --><!-- wp:heading {\"level\":6} --><\/p>\n<h6>R\u00c9SUM\u00c9<\/h6>\n<p><!-- \/wp:heading --><!-- wp:paragraph --><\/p>\n<p>Ce Mooc est un cours d\u2019initiation \u00e0 la recherche par la pratique. Il repr\u00e9sente la premi\u00e8re \u00e9tape d&#8217;un curriculum transdisciplinaire entre arts, sciences et technologies. Con\u00e7u et r\u00e9alis\u00e9 par Anne Dubos, chaque \u00e9pisode d\u00e9cline un motif d\u2019analyse du geste selon un probl\u00e8me port\u00e9 par la recherche d\u2019un sp\u00e9cialiste. Les orientations scientifiques selon les chercheurs : physique, communication, anthropologie, danse, arts visuels, patrimoine, science et techniques, robotique, mus\u00e9ographie, philosophie, physique etc.<\/p>\n<p><!-- \/wp:paragraph --><!-- wp:heading {\"level\":6} --><\/p>\n<h6>\u00c0 PROPOS<\/h6>\n<p><!-- \/wp:heading --><!-- wp:paragraph --><\/p>\n<p>Le geste est cette forme invisible qui fait de nous ce que nous sommes, des personnes humaines. Il est souvent plus proche de l\u2019id\u00e9e que la parole. Cependant, personne n&#8217;a encore \u00e9crit une histoire du geste. Une histoire qui trouve son origine dans les techniques du corps, en passant par les gestes de manipulation des objets techniques, jusqu\u2019aux usages de la technologie.\u00a0<\/p>\n<p>La gestoth\u00e8que propose une premi\u00e8re cartographie de ce domaine de recherche en \u00e9mergence : \u00e0 quoi ressembleront les mondes de demain ? Mais surtout, dans quel monde voulez-vous vivre ?\u00a0<br \/>Au travers d\u2019exercices de conception de cartes mentales, de chor\u00e9graphies, de jeux, de synth\u00e8ses, vous deviendrez les premiers contributeurs de la gestoth\u00e8que.<\/p>\n<p><!-- \/wp:paragraph --><!-- wp:heading {\"level\":6} --><\/p>\n<h6>CONCEPT<\/h6>\n<p><!-- \/wp:heading --><!-- wp:paragraph --><\/p>\n<p>La gestoth\u00e8que est, comme son nom l\u2019indique, une biblioth\u00e8que de gestes. Cependant, les gestes n&#8217;\u00e9tant pas des objets finis, comment les collecter, les capturer, les repr\u00e9senter afin d\u2019\u00eatre en mesure de les analyser ?\u00a0Nous verrons au cours des sept prochaines semaines que le geste est un domaine d\u2019\u00e9tude riche en paradigmes et en paradoxes. Chaque domaine en fait varier la d\u00e9finition.<\/p>\n<p><!-- \/wp:paragraph --><!-- wp:heading {\"level\":6} --><\/p>\n<h6>CARTOGRAPHIE DU DOMAINE D&#8217;\u00c9TUDE<\/h6>\n<p><!-- \/wp:heading --><!-- wp:paragraph --><\/p>\n<p>Au cours de ce Mooc, il vous sera propos\u00e9 une s\u00e9rie de questions auxquelles r\u00e9pondront 14 experts pour qui le geste est un objet central.\u00a0<br \/>Chacun des experts explicitera sa m\u00e9thodologie, ses outils, ses mat\u00e9riaux et d\u00e9taillera les notions dont il a besoin pour d\u00e9crire le geste.\u00a0<\/p>\n<p>Une carte centrale vous permettra de mettre en relation les notions, les domaines et les champs d&#8217;\u00e9tudes : danse, physique, chant, anthropologie, r\u00e9alit\u00e9 virtuelle, informatique, philosophie, etc.\u00a0<\/p>\n<p>Il vous reviendra d\u2019enrichir la gestoth\u00e8que par une pratique collaborative d\u2019\u00e9valuation, pour laquelle il vous sera demand\u00e9 de produire des synth\u00e8ses, des dessins, des modes d\u2019emploi, des vid\u00e9os, etc.<\/p>\n<p>Vous serez ainsi non seulement invit\u00e9s \u00e0 mener l\u2019enqu\u00eate, mais \u00e9galement \u00e0 tracer les nouvelles lignes de la recherche.<\/p>\n<p><!-- \/wp:paragraph --><!-- wp:heading {\"level\":6} --><\/p>\n<h6>\u00c9VALUATIONS<\/h6>\n<p><!-- \/wp:heading --><!-- wp:paragraph --><\/p>\n<p>Au cours de l\u2019\u00e9valuation, on attend des \u00e9tudiants qu\u2019ils aiguisent leur sens critique en apprenant \u00e0 observer, \u00e0 s&#8217;interroger, mais surtout \u00e0 articuler une pens\u00e9e complexe.\u00a0<br \/>Vous recevrez au d\u00e9but de la premi\u00e8re semaine les coordonn\u00e9es de 21 personnes qui seront vos coll\u00e8gues tout au long de ce cours.\u00a0<\/p>\n<p>\u00c0 chaque \u00e9pisode on vous proposera la r\u00e9daction d\u2019une synth\u00e8se, la conception d\u2019une exp\u00e9rience ou la r\u00e9alisation d\u2019une vid\u00e9o.\u00a0Vos coll\u00e8gues seront l\u00e0 pour vous aider \u00e0 construire vos r\u00e9ponses et repousser les limites de votre compr\u00e9hension.\u00a0Chaque modalit\u00e9 propos\u00e9e sera mise en ligne afin d\u2019\u00eatre \u00e9valu\u00e9e par les pairs.<\/p>\n<p><!-- \/wp:paragraph --><!-- wp:heading {\"level\":6} --><\/p>\n<p><!-- \/wp:paragraph --><!-- wp:paragraph --><\/p>\n<p><a href=\"https:\/\/www.fun-mooc.fr\/courses\/course-v1:USPC+37020+session01\/about\">https:\/\/www.fun-mooc.fr\/courses\/course-v1:USPC+37020+session01\/about<\/a><\/p>\n<p><!-- \/wp:paragraph --><!-- wp:heading {\"level\":4} --><\/p>\n<figure class=\"wp-block-embed is-type-wp-embed is-provider-phenorama wp-block-embed-phenorama\">\n<div class=\"wp-block-embed__wrapper\">\u00a0<\/div>\n<\/figure><\/div>\n\t\t\t\t<\/div>\n\t\t\t\t<\/div>\n\t\t\t\t\t\t<\/div>\n\t\t\t\t\t<\/div>\n\t\t<\/div>\n\t\t\t\t\t\t\t\t<\/div>\n\t\t\t\t\t<\/div>\n\t\t<\/section>\n\t\t\t\t<section class=\"elementor-section elementor-top-section elementor-element elementor-element-c9da5e9 elementor-section-boxed elementor-section-height-default elementor-section-height-default\" data-id=\"c9da5e9\" data-element_type=\"section\">\n\t\t\t\t\t\t<div class=\"elementor-container elementor-column-gap-default\">\n\t\t\t\t\t\t\t<div class=\"elementor-row\">\n\t\t\t\t\t<div class=\"elementor-column elementor-col-100 elementor-top-column elementor-element elementor-element-04354ec\" data-id=\"04354ec\" data-element_type=\"column\">\n\t\t\t<div class=\"elementor-column-wrap elementor-element-populated\">\n\t\t\t\t\t\t\t<div class=\"elementor-widget-wrap\">\n\t\t\t\t\t\t<div class=\"elementor-element elementor-element-00b87a2 elementor-aspect-ratio-169 elementor-widget elementor-widget-video\" data-id=\"00b87a2\" data-element_type=\"widget\" data-settings=\"{&quot;aspect_ratio&quot;:&quot;169&quot;}\" data-widget_type=\"video.default\">\n\t\t\t\t<div class=\"elementor-widget-container\">\n\t\t\t\t\t<div class=\"elementor-wrapper elementor-fit-aspect-ratio elementor-open-inline\">\n\t\t\t<iframe class=\"elementor-video-iframe\" allowfullscreen title=\"youtube Video Player\" src=\"https:\/\/www.youtube.com\/embed\/qVtVfKpjt6M?feature=oembed&amp;start&amp;end&amp;wmode=opaque&amp;loop=0&amp;controls=1&amp;mute=0&amp;rel=0&amp;modestbranding=0\"><\/iframe>\t\t<\/div>\n\t\t\t\t<\/div>\n\t\t\t\t<\/div>\n\t\t\t\t\t\t<\/div>\n\t\t\t\t\t<\/div>\n\t\t<\/div>\n\t\t\t\t\t\t\t\t<\/div>\n\t\t\t\t\t<\/div>\n\t\t<\/section>\n\t\t\t\t\t\t<\/div>\n\t\t\t\t\t\t<\/div>\n\t\t\t\t\t<\/div>\n\t\t","protected":false},"excerpt":{"rendered":"<p>CLASSESAIMOVE l Les Mines Paris-TechAnthropology of the body &amp;&nbsp;sociology of interaction&nbsp; Speech and gestures make us what we are : [&hellip;]<\/p>\n","protected":false},"author":1,"featured_media":0,"parent":0,"menu_order":0,"comment_status":"closed","ping_status":"closed","template":"","meta":{"footnotes":""},"class_list":["post-31","page","type-page","status-publish","hentry","col-lg-4 col-md-6"],"_links":{"self":[{"href":"https:\/\/annedubos.com\/index.php\/wp-json\/wp\/v2\/pages\/31","targetHints":{"allow":["GET"]}}],"collection":[{"href":"https:\/\/annedubos.com\/index.php\/wp-json\/wp\/v2\/pages"}],"about":[{"href":"https:\/\/annedubos.com\/index.php\/wp-json\/wp\/v2\/types\/page"}],"author":[{"embeddable":true,"href":"https:\/\/annedubos.com\/index.php\/wp-json\/wp\/v2\/users\/1"}],"replies":[{"embeddable":true,"href":"https:\/\/annedubos.com\/index.php\/wp-json\/wp\/v2\/comments?post=31"}],"version-history":[{"count":162,"href":"https:\/\/annedubos.com\/index.php\/wp-json\/wp\/v2\/pages\/31\/revisions"}],"predecessor-version":[{"id":1769,"href":"https:\/\/annedubos.com\/index.php\/wp-json\/wp\/v2\/pages\/31\/revisions\/1769"}],"wp:attachment":[{"href":"https:\/\/annedubos.com\/index.php\/wp-json\/wp\/v2\/media?parent=31"}],"curies":[{"name":"wp","href":"https:\/\/api.w.org\/{rel}","templated":true}]}}